{"id":3546,"date":"2014-12-30T08:23:25","date_gmt":"2014-12-30T08:23:25","guid":{"rendered":"https:\/\/sztab.org\/?page_id=2"},"modified":"2018-04-15T16:51:34","modified_gmt":"2018-04-15T16:51:34","slug":"projekt","status":"publish","type":"page","link":"https:\/\/mil.link\/pl\/projekt\/","title":{"rendered":"Projekt"},"content":{"rendered":"<p>Projekt MIL.link istnieje w r\u00f3\u017cnej formie, oficjalnie od 17 stycznia 2004 r. Przez te wszystkie lata przechodzi\u0142 przez r\u00f3\u017cne formy, od prostej strony w html z ksi\u0119g\u0105 go\u015bci, m.in. przez popularny wortal z forum po obecn\u0105 posta\u0107 portalu z wieloma autorami i r\u00f3\u017cnymi dzia\u0142ami.<\/p>\n<p>Na tre\u015bci MIL.link (d. Sztab.org) jako \u017ar\u00f3d\u0142a powo\u0142ywali si\u0119 autorzy prac dyplomowych a nawet opracowa\u0144 naukowych (m.in. Brunon Ho\u0142yst w dwutomowej encyklopedii \u201eTerroryzm\u201d). Obecnie wydawc\u0105 nowego MIL.link jest Europejski Instytut Bezpiecze\u0144stwa.<\/p>\n<blockquote><p><em>Wok\u00f3\u0142 nowej idei MIL.link uda\u0142o si\u0119 zebra\u0107 entuzjastycznie nastawione, warto\u015bciowe i wiarygodne osoby zwi\u0105zane z szeroko poj\u0119t\u0105 bran\u017c\u0105 bezpiecze\u0144stwa.<\/em><\/p><\/blockquote>\n<p>W erze Nowych Medi\u00f3w nie by\u0142o jednak mowy, by serwis funkcjonowa\u0142 w starej formie. Tworzony tak naprawd\u0119 na nowo serwis potrzebowa\u0142 odpowiednich rozwi\u0105za\u0144, st\u0105d przeprowadzka do chmury obliczeniowej oraz zastosowanie nowoczesnych rozwi\u0105za\u0144 zapewniaj\u0105cych stabilno\u015b\u0107 i bezpiecze\u0144stwo portalu. Wa\u017cnym by\u0142o, by serwis by\u0142 dopasowany i czytelny na r\u00f3\u017cnych urz\u0105dzeniach, z naciskiem na te mobilne. Naszym g\u0142\u00f3wnym celem jest jednak nie wizualizacja a jako\u015bciowa tre\u015b\u0107. Wok\u00f3\u0142 nowej idei MIL.link uda\u0142o si\u0119 zebra\u0107 entuzjastycznie nastawione, warto\u015bciowe i wiarygodne osoby zwi\u0105zane z szeroko poj\u0119t\u0105 bran\u017c\u0105 bezpiecze\u0144stwa. Publikujemy w r\u00f3\u017cnej formie, poprzez opracowania, analizy, raporty, reporta\u017ce, felietony czy wywiady. Nie tworzymy tradycyjnej redakcji, nie jeste\u015bmy \u015bwiatopogl\u0105dowym monolitem, nie ingerujemy w tre\u015bci Autor\u00f3w.<\/p>\n","protected":false},"excerpt":{"rendered":"<p>Projekt MIL.link istnieje w r\u00f3\u017cnej formie, oficjalnie od 17 stycznia 2004 r. Przez te wszystkie lata przechodzi\u0142 przez r\u00f3\u017cne formy, od prostej strony w html z ksi\u0119g\u0105 go\u015bci, m.in. przez popularny wortal z forum po obecn\u0105 posta\u0107 portalu z wieloma autorami i r\u00f3\u017cnymi dzia\u0142ami. Na tre\u015bci MIL.link (d. Sztab.org) jako \u017ar\u00f3d\u0142a powo\u0142ywali si\u0119 autorzy prac  &#8230;<\/p>\n","protected":false},"author":1,"featured_media":385,"parent":0,"menu_order":8,"comment_status":"open","ping_status":"open","template":"","meta":[],"yoast_head":"<!-- This site is optimized with the Yoast SEO plugin v19.8 - https:\/\/yoast.com\/wordpress\/plugins\/seo\/ -->\n<title>Projekt | MIL.link - edycja polska<\/title>\n<meta name=\"robots\" content=\"index, follow, max-snippet:-1, max-image-preview:large, max-video-preview:-1\" \/>\n<link rel=\"canonical\" href=\"https:\/\/mil.link\/pl\/projekt\/\" \/>\n<meta property=\"og:locale\" content=\"pl_PL\" \/>\n<meta property=\"og:type\" content=\"article\" \/>\n<meta property=\"og:title\" content=\"Projekt | MIL.link - edycja polska\" \/>\n<meta property=\"og:description\" content=\"Projekt MIL.link istnieje w r\u00f3\u017cnej formie, oficjalnie od 17 stycznia 2004 r. Przez te wszystkie lata przechodzi\u0142 przez r\u00f3\u017cne formy, od prostej strony w html z ksi\u0119g\u0105 go\u015bci, m.in. przez popularny wortal z forum po obecn\u0105 posta\u0107 portalu z wieloma autorami i r\u00f3\u017cnymi dzia\u0142ami. Na tre\u015bci MIL.link (d. Sztab.org) jako \u017ar\u00f3d\u0142a powo\u0142ywali si\u0119 autorzy prac ...\" \/>\n<meta property=\"og:url\" content=\"https:\/\/mil.link\/pl\/projekt\/\" \/>\n<meta property=\"og:site_name\" content=\"MIL.link - edycja polska\" \/>\n<meta property=\"article:publisher\" content=\"https:\/\/www.facebook.com\/mildotlink\/\" \/>\n<meta property=\"article:modified_time\" content=\"2018-04-15T16:51:34+00:00\" \/>\n<meta property=\"og:image\" content=\"https:\/\/mil.link\/pl\/wp-content\/uploads\/2014\/12\/soldier-504966_1920.jpg\" \/>\n\t<meta property=\"og:image:width\" content=\"1920\" \/>\n\t<meta property=\"og:image:height\" content=\"1280\" \/>\n\t<meta property=\"og:image:type\" content=\"image\/jpeg\" \/>\n<meta name=\"twitter:card\" content=\"summary_large_image\" \/>\n<meta name=\"twitter:site\" content=\"@mildotlink\" \/>\n<meta name=\"twitter:label1\" content=\"Szacowany czas czytania\" \/>\n\t<meta name=\"twitter:data1\" content=\"1 minuta\" \/>\n<script type=\"application\/ld+json\" class=\"yoast-schema-graph\">{\"@context\":\"https:\/\/schema.org\",\"@graph\":[{\"@type\":\"WebPage\",\"@id\":\"https:\/\/mil.link\/pl\/projekt\/\",\"url\":\"https:\/\/mil.link\/pl\/projekt\/\",\"name\":\"Projekt | MIL.link - edycja polska\",\"isPartOf\":{\"@id\":\"https:\/\/mil.link\/pl\/#website\"},\"datePublished\":\"2014-12-30T08:23:25+00:00\",\"dateModified\":\"2018-04-15T16:51:34+00:00\",\"breadcrumb\":{\"@id\":\"https:\/\/mil.link\/pl\/projekt\/#breadcrumb\"},\"inLanguage\":\"pl-PL\",\"potentialAction\":[{\"@type\":\"ReadAction\",\"target\":[\"https:\/\/mil.link\/pl\/projekt\/\"]}]},{\"@type\":\"BreadcrumbList\",\"@id\":\"https:\/\/mil.link\/pl\/projekt\/#breadcrumb\",\"itemListElement\":[{\"@type\":\"ListItem\",\"position\":1,\"name\":\"Strona g\u0142\u00f3wna\",\"item\":\"https:\/\/mil.link\/pl\/\"},{\"@type\":\"ListItem\",\"position\":2,\"name\":\"Projekt\"}]},{\"@type\":\"WebSite\",\"@id\":\"https:\/\/mil.link\/pl\/#website\",\"url\":\"https:\/\/mil.link\/pl\/\",\"name\":\"MIL.link - edycja polska\",\"description\":\"\",\"publisher\":{\"@id\":\"https:\/\/mil.link\/pl\/#organization\"},\"potentialAction\":[{\"@type\":\"SearchAction\",\"target\":{\"@type\":\"EntryPoint\",\"urlTemplate\":\"https:\/\/mil.link\/pl\/?s={search_term_string}\"},\"query-input\":\"required name=search_term_string\"}],\"inLanguage\":\"pl-PL\"},{\"@type\":\"Organization\",\"@id\":\"https:\/\/mil.link\/pl\/#organization\",\"name\":\"mil.link\",\"url\":\"https:\/\/mil.link\/pl\/\",\"sameAs\":[\"https:\/\/www.facebook.com\/mildotlink\/\",\"https:\/\/twitter.com\/mildotlink\"],\"logo\":{\"@type\":\"ImageObject\",\"inLanguage\":\"pl-PL\",\"@id\":\"https:\/\/mil.link\/pl\/#\/schema\/logo\/image\/\",\"url\":\"https:\/\/mil.link\/pl\/wp-content\/uploads\/2018\/04\/millink.png\",\"contentUrl\":\"https:\/\/mil.link\/pl\/wp-content\/uploads\/2018\/04\/millink.png\",\"width\":317,\"height\":93,\"caption\":\"mil.link\"},\"image\":{\"@id\":\"https:\/\/mil.link\/pl\/#\/schema\/logo\/image\/\"}}]}<\/script>\n<!-- \/ Yoast SEO plugin. -->","yoast_head_json":{"title":"Projekt | MIL.link - edycja polska","robots":{"index":"index","follow":"follow","max-snippet":"max-snippet:-1","max-image-preview":"max-image-preview:large","max-video-preview":"max-video-preview:-1"},"canonical":"https:\/\/mil.link\/pl\/projekt\/","og_locale":"pl_PL","og_type":"article","og_title":"Projekt | MIL.link - edycja polska","og_description":"Projekt MIL.link istnieje w r\u00f3\u017cnej formie, oficjalnie od 17 stycznia 2004 r. Przez te wszystkie lata przechodzi\u0142 przez r\u00f3\u017cne formy, od prostej strony w html z ksi\u0119g\u0105 go\u015bci, m.in. przez popularny wortal z forum po obecn\u0105 posta\u0107 portalu z wieloma autorami i r\u00f3\u017cnymi dzia\u0142ami. Na tre\u015bci MIL.link (d. Sztab.org) jako \u017ar\u00f3d\u0142a powo\u0142ywali si\u0119 autorzy prac ...","og_url":"https:\/\/mil.link\/pl\/projekt\/","og_site_name":"MIL.link - edycja polska","article_publisher":"https:\/\/www.facebook.com\/mildotlink\/","article_modified_time":"2018-04-15T16:51:34+00:00","og_image":[{"width":1920,"height":1280,"url":"https:\/\/mil.link\/pl\/wp-content\/uploads\/2014\/12\/soldier-504966_1920.jpg","type":"image\/jpeg"}],"twitter_card":"summary_large_image","twitter_site":"@mildotlink","twitter_misc":{"Szacowany czas czytania":"1 minuta"},"schema":{"@context":"https:\/\/schema.org","@graph":[{"@type":"WebPage","@id":"https:\/\/mil.link\/pl\/projekt\/","url":"https:\/\/mil.link\/pl\/projekt\/","name":"Projekt | MIL.link - edycja polska","isPartOf":{"@id":"https:\/\/mil.link\/pl\/#website"},"datePublished":"2014-12-30T08:23:25+00:00","dateModified":"2018-04-15T16:51:34+00:00","breadcrumb":{"@id":"https:\/\/mil.link\/pl\/projekt\/#breadcrumb"},"inLanguage":"pl-PL","potentialAction":[{"@type":"ReadAction","target":["https:\/\/mil.link\/pl\/projekt\/"]}]},{"@type":"BreadcrumbList","@id":"https:\/\/mil.link\/pl\/projekt\/#breadcrumb","itemListElement":[{"@type":"ListItem","position":1,"name":"Strona g\u0142\u00f3wna","item":"https:\/\/mil.link\/pl\/"},{"@type":"ListItem","position":2,"name":"Projekt"}]},{"@type":"WebSite","@id":"https:\/\/mil.link\/pl\/#website","url":"https:\/\/mil.link\/pl\/","name":"MIL.link - edycja polska","description":"","publisher":{"@id":"https:\/\/mil.link\/pl\/#organization"},"potentialAction":[{"@type":"SearchAction","target":{"@type":"EntryPoint","urlTemplate":"https:\/\/mil.link\/pl\/?s={search_term_string}"},"query-input":"required name=search_term_string"}],"inLanguage":"pl-PL"},{"@type":"Organization","@id":"https:\/\/mil.link\/pl\/#organization","name":"mil.link","url":"https:\/\/mil.link\/pl\/","sameAs":["https:\/\/www.facebook.com\/mildotlink\/","https:\/\/twitter.com\/mildotlink"],"logo":{"@type":"ImageObject","inLanguage":"pl-PL","@id":"https:\/\/mil.link\/pl\/#\/schema\/logo\/image\/","url":"https:\/\/mil.link\/pl\/wp-content\/uploads\/2018\/04\/millink.png","contentUrl":"https:\/\/mil.link\/pl\/wp-content\/uploads\/2018\/04\/millink.png","width":317,"height":93,"caption":"mil.link"},"image":{"@id":"https:\/\/mil.link\/pl\/#\/schema\/logo\/image\/"}}]}},"_links":{"self":[{"href":"https:\/\/mil.link\/pl\/wp-json\/wp\/v2\/pages\/3546"}],"collection":[{"href":"https:\/\/mil.link\/pl\/wp-json\/wp\/v2\/pages"}],"about":[{"href":"https:\/\/mil.link\/pl\/wp-json\/wp\/v2\/types\/page"}],"author":[{"embeddable":true,"href":"https:\/\/mil.link\/pl\/wp-json\/wp\/v2\/users\/1"}],"replies":[{"embeddable":true,"href":"https:\/\/mil.link\/pl\/wp-json\/wp\/v2\/comments?post=3546"}],"version-history":[{"count":1,"href":"https:\/\/mil.link\/pl\/wp-json\/wp\/v2\/pages\/3546\/revisions"}],"predecessor-version":[{"id":4016,"href":"https:\/\/mil.link\/pl\/wp-json\/wp\/v2\/pages\/3546\/revisions\/4016"}],"wp:featuredmedia":[{"embeddable":true,"href":"https:\/\/mil.link\/pl\/wp-json\/wp\/v2\/media\/385"}],"wp:attachment":[{"href":"https:\/\/mil.link\/pl\/wp-json\/wp\/v2\/media?parent=3546"}],"curies":[{"name":"wp","href":"https:\/\/api.w.org\/{rel}","templated":true}]}}