{"id":878,"date":"2015-02-23T11:25:32","date_gmt":"2015-02-23T11:25:32","guid":{"rendered":"https:\/\/sztab.org\/?page_id=878"},"modified":"2018-04-15T16:52:52","modified_gmt":"2018-04-15T16:52:52","slug":"zastrzezenia-prawne","status":"publish","type":"page","link":"https:\/\/mil.link\/pl\/zastrzezenia-prawne\/","title":{"rendered":"Zastrze\u017cenia prawne"},"content":{"rendered":"<p>&#8211; w przygotowaniu &#8211;<\/p>\n<p>&nbsp;<\/p>\n<p>&#8211; stosujemy pliki cookies w celach m.in. statystycznych oraz prawid\u0142owego \u015bwiadczenia us\u0142ugi,<\/p>\n<p>&#8211; dozwolone jest cytowanie naszych materia\u0142\u00f3w jedynie z podaniem \u017ar\u00f3d\u0142a,<\/p>\n<p>&#8211; cytowanie zgodnie z prawem autorskim i prasowym,<\/p>\n<p>&#8211; w materia\u0142ach drukowanych \u017ar\u00f3d\u0142o okre\u015bla si\u0119 jako &#8222;Portal MIL.link + podanie bezpo\u015bredniego adresu do podstrony z tekstem, a w sieci Internet wystarczy aktywny hiperlink prowadz\u0105cy do podstrony,<\/p>\n<p>&#8211; mile widziane podawanie w \u017ar\u00f3d\u0142ach nazwisk autor\u00f3w i tytu\u0142\u00f3w.<\/p>\n","protected":false},"excerpt":{"rendered":"<p>&#8211; w przygotowaniu &#8211; &nbsp; &#8211; stosujemy pliki cookies w celach m.in. statystycznych oraz prawid\u0142owego \u015bwiadczenia us\u0142ugi, &#8211; dozwolone jest cytowanie naszych materia\u0142\u00f3w jedynie z podaniem \u017ar\u00f3d\u0142a, &#8211; cytowanie zgodnie z prawem autorskim i prasowym, &#8211; w materia\u0142ach drukowanych \u017ar\u00f3d\u0142o okre\u015bla si\u0119 jako &#8222;Portal MIL.link + podanie bezpo\u015bredniego adresu do podstrony z tekstem, a w  &#8230;<\/p>\n","protected":false},"author":1,"featured_media":883,"parent":0,"menu_order":0,"comment_status":"open","ping_status":"open","template":"","meta":[],"yoast_head":"<!-- This site is optimized with the Yoast SEO plugin v19.8 - https:\/\/yoast.com\/wordpress\/plugins\/seo\/ -->\n<title>Zastrze\u017cenia prawne<\/title>\n<meta name=\"robots\" content=\"index, follow, max-snippet:-1, max-image-preview:large, max-video-preview:-1\" \/>\n<link rel=\"canonical\" href=\"https:\/\/mil.link\/pl\/zastrzezenia-prawne\/\" \/>\n<meta property=\"og:locale\" content=\"pl_PL\" \/>\n<meta property=\"og:type\" content=\"article\" \/>\n<meta property=\"og:title\" content=\"Zastrze\u017cenia prawne\" \/>\n<meta property=\"og:description\" content=\"&#8211; w przygotowaniu &#8211; &nbsp; &#8211; stosujemy pliki cookies w celach m.in. statystycznych oraz prawid\u0142owego \u015bwiadczenia us\u0142ugi, &#8211; dozwolone jest cytowanie naszych materia\u0142\u00f3w jedynie z podaniem \u017ar\u00f3d\u0142a, &#8211; cytowanie zgodnie z prawem autorskim i prasowym, &#8211; w materia\u0142ach drukowanych \u017ar\u00f3d\u0142o okre\u015bla si\u0119 jako &#8222;Portal MIL.link + podanie bezpo\u015bredniego adresu do podstrony z tekstem, a w ...\" \/>\n<meta property=\"og:url\" content=\"https:\/\/mil.link\/pl\/zastrzezenia-prawne\/\" \/>\n<meta property=\"og:site_name\" content=\"MIL.link - edycja polska\" \/>\n<meta property=\"article:publisher\" content=\"https:\/\/www.facebook.com\/mildotlink\/\" \/>\n<meta property=\"article:modified_time\" content=\"2018-04-15T16:52:52+00:00\" \/>\n<meta property=\"og:image\" content=\"https:\/\/mil.link\/pl\/wp-content\/uploads\/2015\/02\/justice-471885_1920.jpg\" \/>\n\t<meta property=\"og:image:width\" content=\"1920\" \/>\n\t<meta property=\"og:image:height\" content=\"1440\" \/>\n\t<meta property=\"og:image:type\" content=\"image\/jpeg\" \/>\n<meta name=\"twitter:card\" content=\"summary_large_image\" \/>\n<meta name=\"twitter:site\" content=\"@mildotlink\" \/>\n<script type=\"application\/ld+json\" class=\"yoast-schema-graph\">{\"@context\":\"https:\/\/schema.org\",\"@graph\":[{\"@type\":\"WebPage\",\"@id\":\"https:\/\/mil.link\/pl\/zastrzezenia-prawne\/\",\"url\":\"https:\/\/mil.link\/pl\/zastrzezenia-prawne\/\",\"name\":\"Zastrze\u017cenia prawne\",\"isPartOf\":{\"@id\":\"https:\/\/mil.link\/pl\/#website\"},\"datePublished\":\"2015-02-23T11:25:32+00:00\",\"dateModified\":\"2018-04-15T16:52:52+00:00\",\"breadcrumb\":{\"@id\":\"https:\/\/mil.link\/pl\/zastrzezenia-prawne\/#breadcrumb\"},\"inLanguage\":\"pl-PL\",\"potentialAction\":[{\"@type\":\"ReadAction\",\"target\":[\"https:\/\/mil.link\/pl\/zastrzezenia-prawne\/\"]}]},{\"@type\":\"BreadcrumbList\",\"@id\":\"https:\/\/mil.link\/pl\/zastrzezenia-prawne\/#breadcrumb\",\"itemListElement\":[{\"@type\":\"ListItem\",\"position\":1,\"name\":\"Strona g\u0142\u00f3wna\",\"item\":\"https:\/\/mil.link\/pl\/\"},{\"@type\":\"ListItem\",\"position\":2,\"name\":\"Zastrze\u017cenia prawne\"}]},{\"@type\":\"WebSite\",\"@id\":\"https:\/\/mil.link\/pl\/#website\",\"url\":\"https:\/\/mil.link\/pl\/\",\"name\":\"MIL.link - edycja polska\",\"description\":\"\",\"publisher\":{\"@id\":\"https:\/\/mil.link\/pl\/#organization\"},\"potentialAction\":[{\"@type\":\"SearchAction\",\"target\":{\"@type\":\"EntryPoint\",\"urlTemplate\":\"https:\/\/mil.link\/pl\/?s={search_term_string}\"},\"query-input\":\"required name=search_term_string\"}],\"inLanguage\":\"pl-PL\"},{\"@type\":\"Organization\",\"@id\":\"https:\/\/mil.link\/pl\/#organization\",\"name\":\"mil.link\",\"url\":\"https:\/\/mil.link\/pl\/\",\"sameAs\":[\"https:\/\/www.facebook.com\/mildotlink\/\",\"https:\/\/twitter.com\/mildotlink\"],\"logo\":{\"@type\":\"ImageObject\",\"inLanguage\":\"pl-PL\",\"@id\":\"https:\/\/mil.link\/pl\/#\/schema\/logo\/image\/\",\"url\":\"https:\/\/mil.link\/pl\/wp-content\/uploads\/2018\/04\/millink.png\",\"contentUrl\":\"https:\/\/mil.link\/pl\/wp-content\/uploads\/2018\/04\/millink.png\",\"width\":317,\"height\":93,\"caption\":\"mil.link\"},\"image\":{\"@id\":\"https:\/\/mil.link\/pl\/#\/schema\/logo\/image\/\"}}]}<\/script>\n<!-- \/ Yoast SEO plugin. -->","yoast_head_json":{"title":"Zastrze\u017cenia prawne","robots":{"index":"index","follow":"follow","max-snippet":"max-snippet:-1","max-image-preview":"max-image-preview:large","max-video-preview":"max-video-preview:-1"},"canonical":"https:\/\/mil.link\/pl\/zastrzezenia-prawne\/","og_locale":"pl_PL","og_type":"article","og_title":"Zastrze\u017cenia prawne","og_description":"&#8211; w przygotowaniu &#8211; &nbsp; &#8211; stosujemy pliki cookies w celach m.in. statystycznych oraz prawid\u0142owego \u015bwiadczenia us\u0142ugi, &#8211; dozwolone jest cytowanie naszych materia\u0142\u00f3w jedynie z podaniem \u017ar\u00f3d\u0142a, &#8211; cytowanie zgodnie z prawem autorskim i prasowym, &#8211; w materia\u0142ach drukowanych \u017ar\u00f3d\u0142o okre\u015bla si\u0119 jako &#8222;Portal MIL.link + podanie bezpo\u015bredniego adresu do podstrony z tekstem, a w ...","og_url":"https:\/\/mil.link\/pl\/zastrzezenia-prawne\/","og_site_name":"MIL.link - edycja polska","article_publisher":"https:\/\/www.facebook.com\/mildotlink\/","article_modified_time":"2018-04-15T16:52:52+00:00","og_image":[{"width":1920,"height":1440,"url":"https:\/\/mil.link\/pl\/wp-content\/uploads\/2015\/02\/justice-471885_1920.jpg","type":"image\/jpeg"}],"twitter_card":"summary_large_image","twitter_site":"@mildotlink","schema":{"@context":"https:\/\/schema.org","@graph":[{"@type":"WebPage","@id":"https:\/\/mil.link\/pl\/zastrzezenia-prawne\/","url":"https:\/\/mil.link\/pl\/zastrzezenia-prawne\/","name":"Zastrze\u017cenia prawne","isPartOf":{"@id":"https:\/\/mil.link\/pl\/#website"},"datePublished":"2015-02-23T11:25:32+00:00","dateModified":"2018-04-15T16:52:52+00:00","breadcrumb":{"@id":"https:\/\/mil.link\/pl\/zastrzezenia-prawne\/#breadcrumb"},"inLanguage":"pl-PL","potentialAction":[{"@type":"ReadAction","target":["https:\/\/mil.link\/pl\/zastrzezenia-prawne\/"]}]},{"@type":"BreadcrumbList","@id":"https:\/\/mil.link\/pl\/zastrzezenia-prawne\/#breadcrumb","itemListElement":[{"@type":"ListItem","position":1,"name":"Strona g\u0142\u00f3wna","item":"https:\/\/mil.link\/pl\/"},{"@type":"ListItem","position":2,"name":"Zastrze\u017cenia prawne"}]},{"@type":"WebSite","@id":"https:\/\/mil.link\/pl\/#website","url":"https:\/\/mil.link\/pl\/","name":"MIL.link - edycja polska","description":"","publisher":{"@id":"https:\/\/mil.link\/pl\/#organization"},"potentialAction":[{"@type":"SearchAction","target":{"@type":"EntryPoint","urlTemplate":"https:\/\/mil.link\/pl\/?s={search_term_string}"},"query-input":"required name=search_term_string"}],"inLanguage":"pl-PL"},{"@type":"Organization","@id":"https:\/\/mil.link\/pl\/#organization","name":"mil.link","url":"https:\/\/mil.link\/pl\/","sameAs":["https:\/\/www.facebook.com\/mildotlink\/","https:\/\/twitter.com\/mildotlink"],"logo":{"@type":"ImageObject","inLanguage":"pl-PL","@id":"https:\/\/mil.link\/pl\/#\/schema\/logo\/image\/","url":"https:\/\/mil.link\/pl\/wp-content\/uploads\/2018\/04\/millink.png","contentUrl":"https:\/\/mil.link\/pl\/wp-content\/uploads\/2018\/04\/millink.png","width":317,"height":93,"caption":"mil.link"},"image":{"@id":"https:\/\/mil.link\/pl\/#\/schema\/logo\/image\/"}}]}},"_links":{"self":[{"href":"https:\/\/mil.link\/pl\/wp-json\/wp\/v2\/pages\/878"}],"collection":[{"href":"https:\/\/mil.link\/pl\/wp-json\/wp\/v2\/pages"}],"about":[{"href":"https:\/\/mil.link\/pl\/wp-json\/wp\/v2\/types\/page"}],"author":[{"embeddable":true,"href":"https:\/\/mil.link\/pl\/wp-json\/wp\/v2\/users\/1"}],"replies":[{"embeddable":true,"href":"https:\/\/mil.link\/pl\/wp-json\/wp\/v2\/comments?post=878"}],"version-history":[{"count":1,"href":"https:\/\/mil.link\/pl\/wp-json\/wp\/v2\/pages\/878\/revisions"}],"predecessor-version":[{"id":4017,"href":"https:\/\/mil.link\/pl\/wp-json\/wp\/v2\/pages\/878\/revisions\/4017"}],"wp:featuredmedia":[{"embeddable":true,"href":"https:\/\/mil.link\/pl\/wp-json\/wp\/v2\/media\/883"}],"wp:attachment":[{"href":"https:\/\/mil.link\/pl\/wp-json\/wp\/v2\/media?parent=878"}],"curies":[{"name":"wp","href":"https:\/\/api.w.org\/{rel}","templated":true}]}}