{"id":911,"date":"2015-02-25T22:20:46","date_gmt":"2015-02-25T22:20:46","guid":{"rendered":"https:\/\/sztab.org\/?page_id=911"},"modified":"2018-04-15T17:01:19","modified_gmt":"2018-04-15T17:01:19","slug":"wspolpraca","status":"publish","type":"page","link":"https:\/\/mil.link\/pl\/wspolpraca\/","title":{"rendered":"Wsp\u00f3\u0142praca"},"content":{"rendered":"<p>Interesujesz si\u0119 tematyk\u0105 szeroko poj\u0119tego bezpiecze\u0144stwa?<\/p>\n<p>Lubisz pisa\u0107 i nie boisz si\u0119 publikowa\u0107?<\/p>\n<p style=\"text-align: justify;\">Zapraszamy wi\u0119c do wsp\u00f3\u0142pracy i publikowania na \u0142amach portalu MIL.link.<\/p>\n<p style=\"text-align: justify;\">Zainteresowane osoby prosimy o przes\u0142anie 2-3 zdaniowej notki na sw\u00f3j temat wraz ze zdj\u0119ciem oraz przyk\u0142adowego tekstu z tematyki bezpiecze\u0144stwa. Prosimy tak\u017ce o okre\u015blenie swoich specjalizacji, w kt\u00f3rych zainteresowani chcieliby publikowa\u0107. Oczekujemy tekst\u00f3w zar\u00f3wno polskich, jak i obcoj\u0119zycznych.<\/p>\n<p style=\"text-align: justify;\">Nie ingerujemy w tre\u015b\u0107 i nie tworzymy redakcji.\u00a0Wymagamy jedynie, by tekst nie by\u0142 wcze\u015bniej publikowany, by\u0142 apolityczny, nie kierowany przeciwko komukolwiek, mo\u017ce za to wskazywa\u0107 przyk\u0142adowe rozwi\u0105zania.<\/p>\n<p style=\"text-align: justify;\">Artyku\u0142y po opublikowaniu, promujemy poprzez posiadane profile w mediach spo\u0142eczno\u015bciowych. Wybrane teksty przekazujemy do druku we wsp\u00f3\u0142pracuj\u0105cym z nami\u00a0<em>Miesi\u0119czniku<\/em> \u201c<em>Uk\u0142ad Si\u0142<\/em>\u201d (inicjatywa Instytutu Spraw Zagranicznych Collegium Nobilium Opoliense).<\/p>\n<p style=\"text-align: justify;\">Jako projekt non-profit, za publikacje nie przewidujemy wynagrodzenia finansowego, mo\u017cliwe jest za to bezp\u0142atne uczestnictwo Autora w wybranych wydarzeniach (kongresy, konferencje, szkolenia) o charakterze p\u0142atnym, kt\u00f3re portal MIL.link b\u0105d\u017a Europejski Instytut Bezpiecze\u0144stwa obj\u0105\u0142 patronatem.<\/p>\n<p style=\"text-align: justify;\">Swoje zg\u0142oszenia prosimy przesy\u0142a\u0107 na adres: instytut(a)eib.edu.pl<\/p>\n","protected":false},"excerpt":{"rendered":"<p>Interesujesz si\u0119 tematyk\u0105 szeroko poj\u0119tego bezpiecze\u0144stwa? Lubisz pisa\u0107 i nie boisz si\u0119 publikowa\u0107? Zapraszamy wi\u0119c do wsp\u00f3\u0142pracy i publikowania na \u0142amach portalu MIL.link. Zainteresowane osoby prosimy o przes\u0142anie 2-3 zdaniowej notki na sw\u00f3j temat wraz ze zdj\u0119ciem oraz przyk\u0142adowego tekstu z tematyki bezpiecze\u0144stwa. Prosimy tak\u017ce o okre\u015blenie swoich specjalizacji, w kt\u00f3rych zainteresowani chcieliby publikowa\u0107. Oczekujemy  &#8230;<\/p>\n","protected":false},"author":1,"featured_media":912,"parent":0,"menu_order":0,"comment_status":"open","ping_status":"open","template":"","meta":[],"yoast_head":"<!-- This site is optimized with the Yoast SEO plugin v19.8 - https:\/\/yoast.com\/wordpress\/plugins\/seo\/ -->\n<title>Wsp\u00f3\u0142praca z portalem<\/title>\n<meta name=\"description\" content=\"Interesujesz si\u0119 tematyk\u0105 szeroko poj\u0119tego bezpiecze\u0144stwa? Lubisz pisa\u0107 i nie boisz si\u0119 publikowa\u0107? Zapraszamy do wsp\u00f3\u0142pracy i publikowania na \u0142amach portalu Sztab.org\" \/>\n<meta name=\"robots\" content=\"index, follow, max-snippet:-1, max-image-preview:large, max-video-preview:-1\" \/>\n<link rel=\"canonical\" href=\"https:\/\/mil.link\/pl\/wspolpraca\/\" \/>\n<meta property=\"og:locale\" content=\"pl_PL\" \/>\n<meta property=\"og:type\" content=\"article\" \/>\n<meta property=\"og:title\" content=\"Wsp\u00f3\u0142praca z portalem\" \/>\n<meta property=\"og:description\" content=\"Interesujesz si\u0119 tematyk\u0105 szeroko poj\u0119tego bezpiecze\u0144stwa? Lubisz pisa\u0107 i nie boisz si\u0119 publikowa\u0107? Zapraszamy do wsp\u00f3\u0142pracy i publikowania na \u0142amach portalu Sztab.org\" \/>\n<meta property=\"og:url\" content=\"https:\/\/mil.link\/pl\/wspolpraca\/\" \/>\n<meta property=\"og:site_name\" content=\"MIL.link - edycja polska\" \/>\n<meta property=\"article:publisher\" content=\"https:\/\/www.facebook.com\/mildotlink\/\" \/>\n<meta property=\"article:modified_time\" content=\"2018-04-15T17:01:19+00:00\" \/>\n<meta property=\"og:image\" content=\"https:\/\/mil.link\/pl\/wp-content\/uploads\/2015\/02\/typewriter-109060_1920.jpg\" \/>\n\t<meta property=\"og:image:width\" content=\"1920\" \/>\n\t<meta property=\"og:image:height\" content=\"1280\" \/>\n\t<meta property=\"og:image:type\" content=\"image\/jpeg\" \/>\n<meta name=\"twitter:card\" content=\"summary_large_image\" \/>\n<meta name=\"twitter:site\" content=\"@mildotlink\" \/>\n<meta name=\"twitter:label1\" content=\"Szacowany czas czytania\" \/>\n\t<meta name=\"twitter:data1\" content=\"1 minuta\" \/>\n<script type=\"application\/ld+json\" class=\"yoast-schema-graph\">{\"@context\":\"https:\/\/schema.org\",\"@graph\":[{\"@type\":\"WebPage\",\"@id\":\"https:\/\/mil.link\/pl\/wspolpraca\/\",\"url\":\"https:\/\/mil.link\/pl\/wspolpraca\/\",\"name\":\"Wsp\u00f3\u0142praca z portalem\",\"isPartOf\":{\"@id\":\"https:\/\/mil.link\/pl\/#website\"},\"datePublished\":\"2015-02-25T22:20:46+00:00\",\"dateModified\":\"2018-04-15T17:01:19+00:00\",\"description\":\"Interesujesz si\u0119 tematyk\u0105 szeroko poj\u0119tego bezpiecze\u0144stwa? Lubisz pisa\u0107 i nie boisz si\u0119 publikowa\u0107? Zapraszamy do wsp\u00f3\u0142pracy i publikowania na \u0142amach portalu Sztab.org\",\"breadcrumb\":{\"@id\":\"https:\/\/mil.link\/pl\/wspolpraca\/#breadcrumb\"},\"inLanguage\":\"pl-PL\",\"potentialAction\":[{\"@type\":\"ReadAction\",\"target\":[\"https:\/\/mil.link\/pl\/wspolpraca\/\"]}]},{\"@type\":\"BreadcrumbList\",\"@id\":\"https:\/\/mil.link\/pl\/wspolpraca\/#breadcrumb\",\"itemListElement\":[{\"@type\":\"ListItem\",\"position\":1,\"name\":\"Strona g\u0142\u00f3wna\",\"item\":\"https:\/\/mil.link\/pl\/\"},{\"@type\":\"ListItem\",\"position\":2,\"name\":\"Wsp\u00f3\u0142praca\"}]},{\"@type\":\"WebSite\",\"@id\":\"https:\/\/mil.link\/pl\/#website\",\"url\":\"https:\/\/mil.link\/pl\/\",\"name\":\"MIL.link - edycja polska\",\"description\":\"\",\"publisher\":{\"@id\":\"https:\/\/mil.link\/pl\/#organization\"},\"potentialAction\":[{\"@type\":\"SearchAction\",\"target\":{\"@type\":\"EntryPoint\",\"urlTemplate\":\"https:\/\/mil.link\/pl\/?s={search_term_string}\"},\"query-input\":\"required name=search_term_string\"}],\"inLanguage\":\"pl-PL\"},{\"@type\":\"Organization\",\"@id\":\"https:\/\/mil.link\/pl\/#organization\",\"name\":\"mil.link\",\"url\":\"https:\/\/mil.link\/pl\/\",\"sameAs\":[\"https:\/\/www.facebook.com\/mildotlink\/\",\"https:\/\/twitter.com\/mildotlink\"],\"logo\":{\"@type\":\"ImageObject\",\"inLanguage\":\"pl-PL\",\"@id\":\"https:\/\/mil.link\/pl\/#\/schema\/logo\/image\/\",\"url\":\"https:\/\/mil.link\/pl\/wp-content\/uploads\/2018\/04\/millink.png\",\"contentUrl\":\"https:\/\/mil.link\/pl\/wp-content\/uploads\/2018\/04\/millink.png\",\"width\":317,\"height\":93,\"caption\":\"mil.link\"},\"image\":{\"@id\":\"https:\/\/mil.link\/pl\/#\/schema\/logo\/image\/\"}}]}<\/script>\n<!-- \/ Yoast SEO plugin. -->","yoast_head_json":{"title":"Wsp\u00f3\u0142praca z portalem","description":"Interesujesz si\u0119 tematyk\u0105 szeroko poj\u0119tego bezpiecze\u0144stwa? Lubisz pisa\u0107 i nie boisz si\u0119 publikowa\u0107? Zapraszamy do wsp\u00f3\u0142pracy i publikowania na \u0142amach portalu Sztab.org","robots":{"index":"index","follow":"follow","max-snippet":"max-snippet:-1","max-image-preview":"max-image-preview:large","max-video-preview":"max-video-preview:-1"},"canonical":"https:\/\/mil.link\/pl\/wspolpraca\/","og_locale":"pl_PL","og_type":"article","og_title":"Wsp\u00f3\u0142praca z portalem","og_description":"Interesujesz si\u0119 tematyk\u0105 szeroko poj\u0119tego bezpiecze\u0144stwa? Lubisz pisa\u0107 i nie boisz si\u0119 publikowa\u0107? Zapraszamy do wsp\u00f3\u0142pracy i publikowania na \u0142amach portalu Sztab.org","og_url":"https:\/\/mil.link\/pl\/wspolpraca\/","og_site_name":"MIL.link - edycja polska","article_publisher":"https:\/\/www.facebook.com\/mildotlink\/","article_modified_time":"2018-04-15T17:01:19+00:00","og_image":[{"width":1920,"height":1280,"url":"https:\/\/mil.link\/pl\/wp-content\/uploads\/2015\/02\/typewriter-109060_1920.jpg","type":"image\/jpeg"}],"twitter_card":"summary_large_image","twitter_site":"@mildotlink","twitter_misc":{"Szacowany czas czytania":"1 minuta"},"schema":{"@context":"https:\/\/schema.org","@graph":[{"@type":"WebPage","@id":"https:\/\/mil.link\/pl\/wspolpraca\/","url":"https:\/\/mil.link\/pl\/wspolpraca\/","name":"Wsp\u00f3\u0142praca z portalem","isPartOf":{"@id":"https:\/\/mil.link\/pl\/#website"},"datePublished":"2015-02-25T22:20:46+00:00","dateModified":"2018-04-15T17:01:19+00:00","description":"Interesujesz si\u0119 tematyk\u0105 szeroko poj\u0119tego bezpiecze\u0144stwa? Lubisz pisa\u0107 i nie boisz si\u0119 publikowa\u0107? Zapraszamy do wsp\u00f3\u0142pracy i publikowania na \u0142amach portalu Sztab.org","breadcrumb":{"@id":"https:\/\/mil.link\/pl\/wspolpraca\/#breadcrumb"},"inLanguage":"pl-PL","potentialAction":[{"@type":"ReadAction","target":["https:\/\/mil.link\/pl\/wspolpraca\/"]}]},{"@type":"BreadcrumbList","@id":"https:\/\/mil.link\/pl\/wspolpraca\/#breadcrumb","itemListElement":[{"@type":"ListItem","position":1,"name":"Strona g\u0142\u00f3wna","item":"https:\/\/mil.link\/pl\/"},{"@type":"ListItem","position":2,"name":"Wsp\u00f3\u0142praca"}]},{"@type":"WebSite","@id":"https:\/\/mil.link\/pl\/#website","url":"https:\/\/mil.link\/pl\/","name":"MIL.link - edycja polska","description":"","publisher":{"@id":"https:\/\/mil.link\/pl\/#organization"},"potentialAction":[{"@type":"SearchAction","target":{"@type":"EntryPoint","urlTemplate":"https:\/\/mil.link\/pl\/?s={search_term_string}"},"query-input":"required name=search_term_string"}],"inLanguage":"pl-PL"},{"@type":"Organization","@id":"https:\/\/mil.link\/pl\/#organization","name":"mil.link","url":"https:\/\/mil.link\/pl\/","sameAs":["https:\/\/www.facebook.com\/mildotlink\/","https:\/\/twitter.com\/mildotlink"],"logo":{"@type":"ImageObject","inLanguage":"pl-PL","@id":"https:\/\/mil.link\/pl\/#\/schema\/logo\/image\/","url":"https:\/\/mil.link\/pl\/wp-content\/uploads\/2018\/04\/millink.png","contentUrl":"https:\/\/mil.link\/pl\/wp-content\/uploads\/2018\/04\/millink.png","width":317,"height":93,"caption":"mil.link"},"image":{"@id":"https:\/\/mil.link\/pl\/#\/schema\/logo\/image\/"}}]}},"_links":{"self":[{"href":"https:\/\/mil.link\/pl\/wp-json\/wp\/v2\/pages\/911"}],"collection":[{"href":"https:\/\/mil.link\/pl\/wp-json\/wp\/v2\/pages"}],"about":[{"href":"https:\/\/mil.link\/pl\/wp-json\/wp\/v2\/types\/page"}],"author":[{"embeddable":true,"href":"https:\/\/mil.link\/pl\/wp-json\/wp\/v2\/users\/1"}],"replies":[{"embeddable":true,"href":"https:\/\/mil.link\/pl\/wp-json\/wp\/v2\/comments?post=911"}],"version-history":[{"count":3,"href":"https:\/\/mil.link\/pl\/wp-json\/wp\/v2\/pages\/911\/revisions"}],"predecessor-version":[{"id":4020,"href":"https:\/\/mil.link\/pl\/wp-json\/wp\/v2\/pages\/911\/revisions\/4020"}],"wp:featuredmedia":[{"embeddable":true,"href":"https:\/\/mil.link\/pl\/wp-json\/wp\/v2\/media\/912"}],"wp:attachment":[{"href":"https:\/\/mil.link\/pl\/wp-json\/wp\/v2\/media?parent=911"}],"curies":[{"name":"wp","href":"https:\/\/api.w.org\/{rel}","templated":true}]}}